{"id":13,"date":"2020-02-19T22:41:05","date_gmt":"2020-02-19T22:41:05","guid":{"rendered":"https:\/\/onebauconsulting.de\/?page_id=13"},"modified":"2023-04-19T00:16:16","modified_gmt":"2023-04-18T23:16:16","slug":"impressum","status":"publish","type":"page","link":"https:\/\/onebau.de\/en\/impressum\/","title":{"rendered":"Imprint"},"content":{"rendered":"<div data-elementor-type=\"wp-page\" data-elementor-id=\"13\" class=\"elementor elementor-13\">\n\t\t\t\t\t\t<div class=\"elementor-inner\">\n\t\t\t\t<div class=\"elementor-section-wrap\">\n\t\t\t\t\t\t\t\t\t<section class=\"elementor-section elementor-top-section elementor-element elementor-element-5ac48fe elementor-section-boxed elementor-section-height-default elementor-section-height-default\" data-id=\"5ac48fe\" data-element_type=\"section\">\n\t\t\t\t\t\t<div class=\"elementor-container elementor-column-gap-default\">\n\t\t\t\t\t\t\t<div class=\"elementor-row\">\n\t\t\t\t\t<div class=\"elementor-column elementor-col-100 elementor-top-column elementor-element elementor-element-92a63d8\" data-id=\"92a63d8\" data-element_type=\"column\">\n\t\t\t<div class=\"elementor-column-wrap elementor-element-populated\">\n\t\t\t\t\t\t\t<div class=\"elementor-widget-wrap\">\n\t\t\t\t\t\t<div class=\"elementor-element elementor-element-0037eb9 elementor-widget elementor-widget-heading\" data-id=\"0037eb9\" data-element_type=\"widget\" data-widget_type=\"heading.default\">\n\t\t\t\t<div class=\"elementor-widget-container\">\n\t\t\t<h2 class=\"elementor-heading-title elementor-size-default\">Imprint<\/h2>\t\t<\/div>\n\t\t\t\t<\/div>\n\t\t\t\t<div class=\"elementor-element elementor-element-09bcb63 elementor-widget elementor-widget-text-editor\" data-id=\"09bcb63\" data-element_type=\"widget\" data-widget_type=\"text-editor.default\">\n\t\t\t\t<div class=\"elementor-widget-container\">\n\t\t\t\t\t\t\t\t<div class=\"elementor-text-editor elementor-clearfix\">\n\t\t\t\t<p>ONE-Bau Consulting GmbH<\/p><p>Hohe Strasse 93<br \/>44139 Dortmund<\/p><p>Managing directors<br \/>Dipl.-Ing. Bora \u00d6ner<\/p><p>fon: +49 (0) 231 &#8211; 950 47 47<br \/>fax: +49 (0) 231 &#8211; 950 47 97<\/p><p>mail: info(at)one-bau.de<br \/>web: www.onebau.de<\/p><p>Commercial register<br \/>HRB 20685 Amtsgericht Dortmund<\/p><p>Sales tax identification number:<br \/>DE 314\/5722\/1750<\/p><p>Company headquarters: Dortmund<\/p>\t\t\t\t\t<\/div>\n\t\t\t\t\t\t<\/div>\n\t\t\t\t<\/div>\n\t\t\t\t<div class=\"elementor-element elementor-element-0239aed elementor-widget elementor-widget-heading\" data-id=\"0239aed\" data-element_type=\"widget\" data-widget_type=\"heading.default\">\n\t\t\t\t<div class=\"elementor-widget-container\">\n\t\t\t<h2 class=\"elementor-heading-title elementor-size-default\">Disclaimer<\/h2>\t\t<\/div>\n\t\t\t\t<\/div>\n\t\t\t\t<div class=\"elementor-element elementor-element-a81e987 elementor-widget elementor-widget-text-editor\" data-id=\"a81e987\" data-element_type=\"widget\" data-widget_type=\"text-editor.default\">\n\t\t\t\t<div class=\"elementor-widget-container\">\n\t\t\t\t\t\t\t\t<div class=\"elementor-text-editor elementor-clearfix\">\n\t\t\t\t<p>1. Content of the online offer<\/p><p>The author assumes no liability for the topicality, correctness, completeness or quality of the information provided. Liability claims against the author, which refer to material or immaterial damage caused by the use or non-use of the information provided or by the use of incorrect and incomplete information, are fundamentally excluded, unless the author can be proven to have acted with intent or gross negligence is present.<\/p><p>All offers are non-binding. The author expressly reserves the right to change, supplement or delete parts of the pages or the entire offer without separate announcement, or to temporarily or permanently cease publication.<\/p><p>2. References and links<\/p><p>In the case of direct or indirect references to external websites (\"links\") that lie outside the author's area of \u200b\u200bresponsibility, a liability obligation would only come into force if the author was aware of the content and it was technically possible and reasonable for him to prevent use in the event of illegal content.<\/p><p>The author therefore expressly declares that at the time the links were created, the corresponding linked pages were free of illegal content. The author has no influence on the current and future design and on the content of the linked pages. He therefore hereby expressly distances himself from all content on all linked \/ connected pages that were changed after the link was created. This statement applies to all links and references within the own internet offer as well as for external entries in guest books, discussion forums and mailing lists set up by the author. For illegal, incorrect or incomplete content and in particular for damage resulting from the use or non-use of information provided in this way, the provider of the page to which reference is made is solely liable, not the one who merely refers to the respective publication via links.<\/p><p><br \/>3. Copyright and trademark law<\/p><p>The author endeavors to observe the copyrights of the graphics, sound documents, video sequences and texts used in all publications, to use graphics, sound documents, video sequences and texts created by himself or to use license-free graphics, sound documents, video sequences and texts. All brands and trademarks mentioned on the website and possibly appreciated by third parties are subject without restriction to the provisions of the applicable trademark law and the ownership rights of the respective registered owner. The mere mention does not mean that trademarks are not valued by the rights of third parties!<\/p><p>The copyright for published objects created by the author remains solely with the author of the pages. Any duplication or use of objects such as graphics, sound documents, video sequences and texts in other electronic or printed publications is not permitted without the author's express consent.<\/p><p><br \/>4. Data protection<\/p><p>If there is an opportunity to enter personal or business data (email addresses, names, addresses) on the website, the disclosure of this data by the user is expressly voluntary.<\/p><p><br \/>5. Legal validity of this disclaimer<\/p><p>This disclaimer is to be regarded as part of the internet publication which you were referred from. If parts or individual formulations of this text should not, no longer or not completely correspond to the applicable legal situation, the remaining parts of the document remain unaffected in their content and validity.<\/p>\t\t\t\t\t<\/div>\n\t\t\t\t\t\t<\/div>\n\t\t\t\t<\/div>\n\t\t\t\t\t\t<\/div>\n\t\t\t\t\t<\/div>\n\t\t<\/div>\n\t\t\t\t\t\t\t\t<\/div>\n\t\t\t\t\t<\/div>\n\t\t<\/section>\n\t\t\t\t\t\t\t\t\t<\/div>\n\t\t\t<\/div>\n\t\t\t\t\t<\/div>","protected":false},"excerpt":{"rendered":"<p>Impressum ONE-Bau Consulting GmbH Hohe Strasse 9344139 Dortmund Gesch\u00e4ftsf\u00fchrung:Dipl.-Ing. Bora \u00d6ner fon: +49 (0) 231 &#8211; 950 47 47fax: +49 (0) 231 &#8211; 950 47 97 mail: info(at)one-bau.deweb: www.onebau.de Handelsregister:HRB 20685 Amtsgericht Dortmund Umsatzsteuer-Identnummer:DE 314\/5722\/1750 Sitz der Gesellschaft: Dortmund Haftungsausschluss \/ Disclaimer 1. Inhalt des Onlineangebots Der Autor \u00fcbernimmt keinerlei Gew\u00e4hr f\u00fcr die Aktualit\u00e4t, Korrektheit, [&hellip;]<\/p>","protected":false},"author":1,"featured_media":0,"parent":0,"menu_order":0,"comment_status":"closed","ping_status":"closed","template":"","meta":[],"acf":[],"_links":{"self":[{"href":"https:\/\/onebau.de\/en\/wp-json\/wp\/v2\/pages\/13"}],"collection":[{"href":"https:\/\/onebau.de\/en\/wp-json\/wp\/v2\/pages"}],"about":[{"href":"https:\/\/onebau.de\/en\/wp-json\/wp\/v2\/types\/page"}],"author":[{"embeddable":true,"href":"https:\/\/onebau.de\/en\/wp-json\/wp\/v2\/users\/1"}],"replies":[{"embeddable":true,"href":"https:\/\/onebau.de\/en\/wp-json\/wp\/v2\/comments?post=13"}],"version-history":[{"count":9,"href":"https:\/\/onebau.de\/en\/wp-json\/wp\/v2\/pages\/13\/revisions"}],"predecessor-version":[{"id":399,"href":"https:\/\/onebau.de\/en\/wp-json\/wp\/v2\/pages\/13\/revisions\/399"}],"wp:attachment":[{"href":"https:\/\/onebau.de\/en\/wp-json\/wp\/v2\/media?parent=13"}],"curies":[{"name":"wp","href":"https:\/\/api.w.org\/{rel}","templated":true}]}}